{"id":49,"date":"2024-02-08T10:01:05","date_gmt":"2024-02-08T10:01:05","guid":{"rendered":"https:\/\/new.smpiast.com.pl\/?page_id=49"},"modified":"2024-02-18T18:35:40","modified_gmt":"2024-02-18T18:35:40","slug":"ebok","status":"publish","type":"page","link":"https:\/\/smpiast.com.pl\/?page_id=49","title":{"rendered":"eBOK"},"content":{"rendered":"<div class=\"ct-block-wrapper\">\n\n<h3 class=\"wp-block-heading has-medium-font-size\">eBOK<\/h3>\n\n\n<div class=\"ct-contact-info-block \" style=\"--theme-icon-size:20px;--items-direction:column;--background-color:rgba(218, 222, 228, 0.5);--background-hover-color:rgba(218, 222, 228, 0.7);\">\n\t\t<ul data-icons-type=\"rounded:outline\">\n\t\t\t\t\t\t\t\t\t\t\t<li class=\"\">\n\t\t\t\t\t<span class=\"ct-icon-container\"><svg width=\"18\" height=\"18\" viewBox=\"0 0 20 20\" aria-hidden=\"true\"><path d=\"M9.3,0C4.4,0,0.4,4,0.4,8.9s4,8.9,8.9,8.9c0.8,0,1.5-0.1,2.2-0.3v-3.9c-0.6,1.7-1.4,2.7-2.2,2.7c-0.9,0-2-1.5-2.5-3.7h4.8v-1.5h-5c-0.1-0.7-0.1-1.4-0.1-2.2c0-0.8,0.1-1.5,0.2-2.2h5.6c0.1,0.7,0.2,1.4,0.2,2.2c0,0.2,0,0.4,0,0.6c0.4-0.4,0.9-0.6,1.5-0.6c0-0.8,0-1.5-0.1-2.2h2.8c0.2,0.7,0.3,1.4,0.3,2.2c0,0.5-0.1,1-0.2,1.5l1.3,0.9c0.2-0.8,0.3-1.6,0.3-2.4C18.1,4,14.2,0,9.3,0zM9.3,1.5c0.9,0,2,1.5,2.5,3.7h-5C7.3,2.9,8.3,1.5,9.3,1.5zM6.3,2.1C5.9,2.9,5.5,4,5.2,5.2H2.8C3.6,3.8,4.9,2.7,6.3,2.1zM12.2,2.1c1.5,0.6,2.7,1.7,3.5,3.1h-2.3C13.1,4,12.7,2.9,12.2,2.1zM2.2,6.7h2.8C4.9,7.4,4.8,8.1,4.8,8.9c0,0.8,0.1,1.5,0.1,2.2H2.2C2,10.4,1.9,9.7,1.9,8.9C1.9,8.1,2,7.4,2.2,6.7z M13.7,10.4c-0.4,0-0.7,0.3-0.8,0.7c0,0,0,0.1,0,0.1v6.6c0,0.4,0.3,0.7,0.7,0.7c0.2,0,0.4-0.1,0.5-0.2l0,0l1.4-1.6l1.5,3c0.2,0.4,0.6,0.5,1,0.3c0.4-0.2,0.5-0.6,0.3-1l-1.5-3l2.2-0.4l0,0c0.3-0.1,0.5-0.4,0.5-0.7c0-0.3-0.1-0.5-0.3-0.6l0,0l-5.1-3.6C14.1,10.4,13.9,10.4,13.7,10.4zM2.9,12.6h2.3c0.3,1.2,0.7,2.3,1.1,3.1C4.9,15.1,3.7,14,2.9,12.6z\"\/><\/svg><\/span>\n\t\t\t\t\t\t\t\t\t\t\t<div class=\"contact-info\">\n\t\t\t\t\t\t\t\t\t\t\t\t\t\t\t<span class=\"contact-title\">\n\t\t\t\t\t\t\t\t\tAdres portalu eBOK:\t\t\t\t\t\t\t\t<\/span>\n\t\t\t\t\t\t\t\n\t\t\t\t\t\t\t\t\t\t\t\t\t\t\t<span class=\"contact-text\">\n\t\t\t\t\t\t\t\t\t\t\t\t\t\t\t\t\t\t\t<a href=\"https:\/\/ebok.smpiast.com.pl\/\" target=\"_blank\" rel=\"noopener noreferrer\">\n\t\t\t\t\t\t\t\t\t\n\t\t\t\t\t\t\t\t\thttps:\/\/ebok.smpiast.com.pl\n\t\t\t\t\t\t\t\t\t\t\t\t\t\t\t\t\t\t\t<\/a>\n\t\t\t\t\t\t\t\t\t\t\t\t\t\t\t\t\t<\/span>\n\t\t\t\t\t\t\t\t\t\t\t\t\t<\/div>\n\t\t\t\t\t\t\t\t\t<\/li>\n\t\t\t\t\t<\/ul>\n\n\t\t<\/div>\n<\/div>\n\n\n<p>Oprogramowanie eBOK to:<\/p>\n\n\n\n<ul class=\"wp-block-list\">\n<li>dost\u0119p do aktualnych danych osobowych jakie s\u0105 wprowadzone w SM PIAST w tym przydzielonych numer\u00f3w kont<\/li>\n\n\n\n<li>kontroli rozlicze\u0144 za lokale i mieszkania, czyli stan aktualnych rozlicze\u0144<\/li>\n\n\n\n<li>szczeg\u00f3\u0142owy wykaz wp\u0142at i obci\u0105\u017ce\u0144<\/li>\n\n\n\n<li>dost\u0119p do dokument\u00f3w SM PIAST dost\u0119pnych tylko dla cz\u0142onk\u00f3w sp\u00f3\u0142dzielni \u2013 uchwa\u0142, sprawozda\u0144, protoko\u0142\u00f3w itp.<\/li>\n\n\n\n<li>rozlicze\u0144 medi\u00f3w<\/li>\n\n\n\n<li>kontaktu z administracj\u0105<\/li>\n<\/ul>\n\n\n\n<figure class=\"wp-block-image size-large has-custom-border is-style-default\"><img loading=\"lazy\" decoding=\"async\" width=\"1024\" height=\"487\" src=\"https:\/\/new.smpiast.com.pl\/wp-content\/uploads\/2024\/02\/eBOK-1024x487.png\" alt=\"\" class=\"wp-image-304\" style=\"border-width:1px\" srcset=\"https:\/\/smpiast.com.pl\/wp-content\/uploads\/2024\/02\/eBOK-1024x487.png 1024w, https:\/\/smpiast.com.pl\/wp-content\/uploads\/2024\/02\/eBOK-300x143.png 300w, https:\/\/smpiast.com.pl\/wp-content\/uploads\/2024\/02\/eBOK-768x365.png 768w, https:\/\/smpiast.com.pl\/wp-content\/uploads\/2024\/02\/eBOK-1536x730.png 1536w, https:\/\/smpiast.com.pl\/wp-content\/uploads\/2024\/02\/eBOK.png 1911w\" sizes=\"auto, (max-width: 1024px) 100vw, 1024px\" \/><\/figure>\n","protected":false},"excerpt":{"rendered":"<p>Oprogramowanie eBOK to:<\/p>\n","protected":false},"author":105,"featured_media":0,"parent":0,"menu_order":0,"comment_status":"closed","ping_status":"closed","template":"","meta":{"_themeisle_gutenberg_block_has_review":false,"footnotes":""},"class_list":["post-49","page","type-page","status-publish","hentry"],"blocksy_meta":[],"_links":{"self":[{"href":"https:\/\/smpiast.com.pl\/index.php?rest_route=\/wp\/v2\/pages\/49","targetHints":{"allow":["GET"]}}],"collection":[{"href":"https:\/\/smpiast.com.pl\/index.php?rest_route=\/wp\/v2\/pages"}],"about":[{"href":"https:\/\/smpiast.com.pl\/index.php?rest_route=\/wp\/v2\/types\/page"}],"author":[{"embeddable":true,"href":"https:\/\/smpiast.com.pl\/index.php?rest_route=\/wp\/v2\/users\/105"}],"replies":[{"embeddable":true,"href":"https:\/\/smpiast.com.pl\/index.php?rest_route=%2Fwp%2Fv2%2Fcomments&post=49"}],"version-history":[{"count":6,"href":"https:\/\/smpiast.com.pl\/index.php?rest_route=\/wp\/v2\/pages\/49\/revisions"}],"predecessor-version":[{"id":542,"href":"https:\/\/smpiast.com.pl\/index.php?rest_route=\/wp\/v2\/pages\/49\/revisions\/542"}],"wp:attachment":[{"href":"https:\/\/smpiast.com.pl\/index.php?rest_route=%2Fwp%2Fv2%2Fmedia&parent=49"}],"curies":[{"name":"wp","href":"https:\/\/api.w.org\/{rel}","templated":true}]}}