{"id":48,"date":"2024-02-08T10:01:05","date_gmt":"2024-02-08T10:01:05","guid":{"rendered":"https:\/\/new.smpiast.com.pl\/?page_id=48"},"modified":"2026-02-05T23:05:58","modified_gmt":"2026-02-05T22:05:58","slug":"zglos-awarie","status":"publish","type":"page","link":"https:\/\/smpiast.com.pl\/?page_id=48","title":{"rendered":"Zg\u0142o\u015b awari\u0119"},"content":{"rendered":"\n<div class=\"wp-block-columns is-layout-flex wp-container-core-columns-is-layout-28f84493 wp-block-columns-is-layout-flex\">\n<div class=\"wp-block-column is-layout-flow wp-block-column-is-layout-flow\">\n<p><strong>W DNI ROBOCZE<\/strong><\/p>\n\n\n\n<p><strong>Zg\u0142oszenia awarii s\u0105 przyjmowane przez Dzia\u0142y Techniczne Osiedli \u015ar\u00f3dmie\u015bcia i Kosmonaut\u00f3w tylko w czasie godzin pracy.<\/strong><\/p>\n\n\n\n<p><a href=\"mailto:sekretariat@smpiast.com.pl\">sekretariat@smpiast.com.pl<\/a><\/p>\n\n\n\n<p><br><strong>Dzia\u0142y Techniczne Osiedli:<\/strong><br><strong>\u015ar\u00f3dmie\u015bcie<\/strong>:&nbsp;<\/p>\n\n\n\n<p><a href=\"tel:71 32-57-230\">71 32 57 230<\/a>,<br>tel. kom.\u00a0<a href=\"tel:533 338 131\">533 338 13<\/a>2<\/p>\n\n\n\n<p><strong>Kosmonaut\u00f3w<\/strong>:&nbsp;<a href=\"tel:71 32-57-222\">71 32 57 222<\/a><br><\/p>\n\n\n\n<p><strong>Telewizja:&nbsp;<\/strong><a rel=\"noreferrer noopener\" href=\"tel:801%20080%20180\" target=\"_blank\">801 080 180<\/a>,<br><em>z tel. kom\u00f3rkowego<\/em>&nbsp;<a>58 742 65 00<\/a><\/p>\n<\/div>\n\n\n\n<div class=\"wp-block-column is-layout-flow wp-block-column-is-layout-flow\">\n<p><strong>W DNI WOLNE OD PRACY<\/strong><\/p>\n\n\n\n<p><strong>Zg\u0142aszanie awarii po godzinach pracy Sp\u00f3\u0142dzielni oraz w dni wolne i \u015bwi\u0105teczne<\/strong><\/p>\n\n\n\n<p><strong>Awarie:<\/strong><\/p>\n\n\n\n<ul class=\"wp-block-list\">\n<li>Elektryczne&nbsp;<a href=\"tel:791 444 644\">791 444 644<\/a><\/li>\n\n\n\n<li>Gazowe&nbsp;<a href=\"tel:791 444 644\">791 444 644<\/a><\/li>\n\n\n\n<li>Ciep\u0142ownicze&nbsp;<a href=\"tel:791 444 644\">791 444 644<\/a><\/li>\n\n\n\n<li>Wodno-Kanalizacyjne&nbsp;<a href=\"tel:791 444 644\">791 444 644<\/a><\/li>\n<\/ul>\n\n\n\n<p><strong>Telefony alarmowe:<\/strong><\/p>\n\n\n\n<ul class=\"wp-block-list\">\n<li>Pogotowie Energetyczne&nbsp;<a href=\"tel:991\">991<\/a><\/li>\n\n\n\n<li>Pogotowie Gazowe&nbsp;<a href=\"tel:992\">992<\/a><\/li>\n\n\n\n<li>Pogotowie Ciep\u0142ownicze&nbsp;<a href=\"tel:993\">993<\/a><\/li>\n\n\n\n<li>Pogotowie Wodno-Kanalizacyjne&nbsp;<a href=\"tel:994\">994<\/a><\/li>\n\n\n\n<li>Pogotowie D\u017awigowe 24h\/7      &nbsp;<a href=\"tel:71 351-39-66\">783 522 501&nbsp;<\/a><\/li>\n\n\n\n<li>Serwis D\u017awigowy &#8211; pn-pt, 8:00-16:00 <a href=\"tel:71 351-39-66\">71 740 06 19<\/a><\/li>\n<\/ul>\n<\/div>\n<\/div>\n\n\n\n<p><\/p>\n","protected":false},"excerpt":{"rendered":"<p>W DNI ROBOCZE Zg\u0142oszenia awarii s\u0105 przyjmowane przez Dzia\u0142y Techniczne Osiedli \u015ar\u00f3dmie\u015bcia i Kosmonaut\u00f3w tylko w czasie godzin pracy. sekretariat@smpiast.com.pl Dzia\u0142y Techniczne Osiedli:\u015ar\u00f3dmie\u015bcie:&nbsp; 71 32 57 230,tel. kom.\u00a0533 338 132 [&hellip;]<\/p>\n","protected":false},"author":105,"featured_media":0,"parent":0,"menu_order":0,"comment_status":"closed","ping_status":"closed","template":"","meta":{"_themeisle_gutenberg_block_has_review":false,"footnotes":""},"class_list":["post-48","page","type-page","status-publish","hentry"],"blocksy_meta":[],"_links":{"self":[{"href":"https:\/\/smpiast.com.pl\/index.php?rest_route=\/wp\/v2\/pages\/48","targetHints":{"allow":["GET"]}}],"collection":[{"href":"https:\/\/smpiast.com.pl\/index.php?rest_route=\/wp\/v2\/pages"}],"about":[{"href":"https:\/\/smpiast.com.pl\/index.php?rest_route=\/wp\/v2\/types\/page"}],"author":[{"embeddable":true,"href":"https:\/\/smpiast.com.pl\/index.php?rest_route=\/wp\/v2\/users\/105"}],"replies":[{"embeddable":true,"href":"https:\/\/smpiast.com.pl\/index.php?rest_route=%2Fwp%2Fv2%2Fcomments&post=48"}],"version-history":[{"count":12,"href":"https:\/\/smpiast.com.pl\/index.php?rest_route=\/wp\/v2\/pages\/48\/revisions"}],"predecessor-version":[{"id":4158,"href":"https:\/\/smpiast.com.pl\/index.php?rest_route=\/wp\/v2\/pages\/48\/revisions\/4158"}],"wp:attachment":[{"href":"https:\/\/smpiast.com.pl\/index.php?rest_route=%2Fwp%2Fv2%2Fmedia&parent=48"}],"curies":[{"name":"wp","href":"https:\/\/api.w.org\/{rel}","templated":true}]}}