{"id":27,"date":"2024-02-08T09:57:44","date_gmt":"2024-02-08T09:57:44","guid":{"rendered":"https:\/\/new.smpiast.com.pl\/?page_id=27"},"modified":"2025-10-08T19:19:21","modified_gmt":"2025-10-08T17:19:21","slug":"rodo","status":"publish","type":"page","link":"https:\/\/smpiast.com.pl\/?page_id=27","title":{"rendered":"RODO"},"content":{"rendered":"\n<h4 class=\"wp-block-heading\">OG\u00d3LNA KLAUZULA INFORMACYJNA RODO<\/h4>\n\n\n\n<p><strong>Szanowni Pa\u0144stwo,<\/strong><br>Spe\u0142niaj\u0105c obowi\u0105zek informacyjny wynikaj\u0105cy z art. 13 RODO uprzejmie informujemy, \u017ce Sp\u00f3\u0142dzielnia Mieszkaniowa \u201ePiast\u201d we Wroc\u0142awiu przetwarza dane o cz\u0142onkach Sp\u00f3\u0142dzielni, w\u0142a\u015bcicielach mieszka\u0144 nieb\u0119d\u0105cymi cz\u0142onkami Sp\u00f3\u0142dzielni oraz osobach wynajmuj\u0105cych lokale, kt\u00f3re znajduj\u0105 si\u0119 w zasobach SM \u201ePiast\u201d, kt\u00f3re na gruncie Rozporz\u0105dzenia Parlamentu Europejskiego i Rady (EU) 2016\/679 z dnia 27 kwietnia 2016 r. w sprawie ochrony os\u00f3b fizycznych w zwi\u0105zku z przetwarzaniem danych osobowych i w sprawie swobodnego przep\u0142ywu takich danych oraz uchylenia dyrektywy 95\/46\/WE&nbsp;dalej zwane RODO), maj\u0105 charakter danych osobowych. W \u015bwietle powy\u017cszego informujemy:<\/p>\n\n\n\n<h4 class=\"wp-block-heading\">Administrator Danych (AD)<\/h4>\n\n\n\n<blockquote class=\"wp-block-quote is-layout-flow wp-block-quote-is-layout-flow\">\n<p>Administratorem Danych jest <br><strong>Sp\u00f3\u0142dzielnia Mieszkaniowa \u201ePiast\u201d z siedzib\u0105 we Wroc\u0142awiu<\/strong>, <br>przy ul. Bulwar Ikara 10B, 54-130 Wroc\u0142aw, <br>wpisana do rejestru przedsi\u0119biorc\u00f3w prowadzonego przez S\u0105d Rejonowy we Wroc\u0142awiu dla Wroc\u0142awia-Fabrycznej, VI Wydzia\u0142 Gospodarczy KRS pod numerem KRS 0000064406, NIP 896-000-38-69.<\/p>\n<\/blockquote>\n\n\n\n<h4 class=\"wp-block-heading\">Dane kontaktowe<\/h4>\n\n\n\n<blockquote class=\"wp-block-quote is-layout-flow wp-block-quote-is-layout-flow\">\n<p>Adres e-mail: <a href=\"mailto:sekretariat@smpiast.com.pl\"><strong>sekretariat@smpiast.com.pl<\/strong><\/a><br>Numer telefonu: <strong>71 32-57-201<\/strong><br>Adres korespondencyjny:<br><strong>Sp\u00f3\u0142dzielnia Mieszkaniowa \u201ePiast\u201d<br>ul. Bulwar Ikara 10B<br>54-130 Wroc\u0142aw<\/strong><\/p>\n<\/blockquote>\n\n\n\n<h4 class=\"wp-block-heading\">Inspektor Ochrony Danych<\/h4>\n\n\n\n<blockquote class=\"wp-block-quote is-layout-flow wp-block-quote-is-layout-flow\">\n<p><strong>Sebastian Kopacki<\/strong><br><a href=\"mailto:iod@smpiast.com.pl\">iod@smpiast.com.pl<\/a><\/p>\n<\/blockquote>\n\n\n\n<h4 class=\"wp-block-heading\">Cel i zakres przetwarzania, podstawach legalno\u015bci i formie ich przetwarzania<\/h4>\n\n\n\n<blockquote class=\"wp-block-quote is-layout-flow wp-block-quote-is-layout-flow\">\n<ul class=\"wp-block-list\">\n<li>Celem sp\u00f3\u0142dzielni jest zaspokajanie potrzeb mieszkaniowych i innych potrzeb cz\u0142onk\u00f3w oraz ich rodzin, przez dostarczanie im lokali mieszkalnych oraz zarz\u0105dzenie tymi lokalami a tak\u017ce dostarczanie lokali o innym przeznaczeniu.<\/li>\n\n\n\n<li>AD gwarantuje, \u017ce dane osobowe przetwarza wy\u0142\u0105cznie w konkretnych, wyra\u017anych i prawnie uzasadnionych celach i nie przetwarza ich dalej w spos\u00f3b nie zgodny z tymi celami. Przetwarzanie przez Administratora danych zwi\u0105zane jest z realizacj\u0105 cel\u00f3w sp\u00f3\u0142dzielni mieszkaniowej okre\u015blonych mi\u0119dzy innymi w:\n<ul class=\"wp-block-list\">\n<li>ustawie z 15 grudnia 2000 r. o sp\u00f3\u0142dzielniach mieszkaniowych (tekst jedn.: Dz.U. z 2018 r. poz. 845 ze zm. dalej: usm);<\/li>\n\n\n\n<li>ustawie z dnia 16 wrze\u015bnia 1982 r. Prawo sp\u00f3\u0142dzielcze,<\/li>\n\n\n\n<li>ustawie z dnia 15 grudnia 2000 r. o sp\u00f3\u0142dzielniach mieszkaniowych,<\/li>\n\n\n\n<li>ustawy z dnia 24 czerwca 1994 r. o w\u0142asno\u015bci lokali,<\/li>\n\n\n\n<li>statucie sp\u00f3\u0142dzielni.<\/li>\n<\/ul>\n<\/li>\n\n\n\n<li>Zakres przetwarzanych danych mo\u017ce mi\u0119dzy innymi dotyczy\u0107:\n<ul class=\"wp-block-list\">\n<li>cz\u0142onk\u00f3w sp\u00f3\u0142dzielni,<\/li>\n\n\n\n<li>os\u00f3b, kt\u00f3rym przys\u0142uguje i przys\u0142ugiwa\u0142o prawo do lokalu,<\/li>\n\n\n\n<li>danych zwi\u0105zane z zatrudnieniem (pracownicy, byli pracownicy, kandydaci do pracy),<\/li>\n\n\n\n<li>os\u00f3b wsp\u00f3\u0142pracuj\u0105cych ze sp\u00f3\u0142dzielni\u0105 na podstawie um\u00f3w cywilnoprawnych,<\/li>\n\n\n\n<li>d\u0142u\u017cnik\u00f3w.<\/li>\n<\/ul>\n<\/li>\n\n\n\n<li>W sytuacji, gdy Sp\u00f3\u0142dzielnia b\u0119dzie chcia\u0142a przetwarza\u0107 dane zebrane w innym celu ni\u017c zebrane poni\u017cej, zawsze o takim dzia\u0142aniu poinformuje dan\u0105 osob\u0119 fizyczn\u0105, przed rozpocz\u0119ciem procesu przetwarzania.<\/li>\n\n\n\n<li>Pa\u0144stwa dane osobowe, przetwarzane s\u0105 w celu na okre\u015blonej przes\u0142ance legalno\u015bci, w zakresie:\n<ul class=\"wp-block-list\">\n<li>Przetwarzanie danych na podstawie \u015bwiadomie i dobrowolnie wyra\u017conej zgody, kt\u00f3rych podstaw\u0105 przetwarzania jest art. 6 ust.1 lit. a) RODO; <br><em>Chodzi tu o przetwarzanie np. Pa\u0144stwa danych kontaktowych w postaci numeru telefonu oraz\/lub adresu email.<\/em><\/li>\n\n\n\n<li>Wykonywanie czynno\u015bci na rzecz osoby fizycznej na podstawie art. 6 ust. 1 lit. b) RODO; <br><em>Chodzi tu o wykonywanie wszelkich czynno\u015bci w celu przygotowania do zawarcia um\u00f3w, realizacji um\u00f3w, rozpatrywania reklamacji, rozwi\u0105zywania um\u00f3w, a tak\u017ce w celu wykonywania innych czynno\u015bci na rzecz cz\u0142onka lub mieszka\u0144ca np. wykonywania napraw, obs\u0142ugi technicznej nieruchomo\u015bci.<\/em><\/li>\n\n\n\n<li>Wykonywanie obowi\u0105zk\u00f3w prawnych, ci\u0105\u017c\u0105cych na Administratorze Danych, na podstawie art. 6 ust. 1 lit c) RODO; <br><em>Chodzi tu o przetwarzanie danych osobowych celem spe\u0142nienia obowi\u0105zk\u00f3w prawnych na\u0142o\u017conych na Sp\u00f3\u0142dzielni\u0119 Mieszkaniow\u0105 \u201ePiast\u201d jako AD z mocy obowi\u0105zuj\u0105cych przepis\u00f3w prawa. W szczeg\u00f3lno\u015bci  m\u00f3wimy tu o wype\u0142nieniu obowi\u0105zk\u00f3w Sp\u00f3\u0142dzielni w zwi\u0105zku z prowadzon\u0105 dzia\u0142alno\u015bci\u0105. Obowi\u0105zki takie wynikaj\u0105 m.in. z ustawy prawo sp\u00f3\u0142dzielcze, ustawy o sp\u00f3\u0142dzielniach mieszkaniowych, ustawy o w\u0142asno\u015bci lokali, ustawy o rachunkowo\u015bci czy ustawy kodeks pracy.<\/em><\/li>\n\n\n\n<li>wynikaj\u0105cych z prawnie uzasadnionych interes\u00f3w realizowanych przez Administratora Danych, na podstawie art. 6 ust. 1 lit. f) RODO, w zakresie: <br><em>Chodzi tu o cele marketingowe produkt\u00f3w w\u0142asnych Administratora Danych, w celu zapewnienia przejrzysto\u015bci w zakresie wykrywania i zapobiegania nadu\u017cy\u0107, w celu ustalenia, obrony i dochodzenia roszcze\u0144, dla cel\u00f3w tworzenia zestawie\u0144, analiz i statystyk, modeli statystycznych na potrzeby wewn\u0119trzne Administratora Danych, dane pracownik\u00f3w oferenta w zwi\u0105zku z potwierdzeniem kwalifikacji niezb\u0119dnych do wykonania zadania obj\u0119tego post\u0119powaniem przetargowym przez okres 6 lat od daty z\u0142o\u017cenia oferty, celem wykonania niezb\u0119dnych napraw zg\u0142aszanych przez mieszka\u0144c\u00f3w przez okres 5 lat.<\/em><\/li>\n<\/ul>\n<\/li>\n<\/ul>\n<\/blockquote>\n\n\n\n<h4 class=\"wp-block-heading\">Jakie dane osobowe mo\u017cemy przetwarza\u0107?<\/h4>\n\n\n\n<blockquote class=\"wp-block-quote is-layout-flow wp-block-quote-is-layout-flow\">\n<ul class=\"wp-block-list\">\n<li>W zale\u017cno\u015bci od \u0142\u0105cz\u0105cej osob\u0119 fizyczn\u0105 ze Sp\u00f3\u0142dzielni\u0105 relacji, Sp\u00f3\u0142dzielnia mo\u017ce przetwarza\u0107 w szczeg\u00f3lno\u015bci<\/li>\n\n\n\n<li>nast\u0119puj\u0105ce dane osobowe pozyskane bezpo\u015brednio od osoby, kt\u00f3rej dane dotycz\u0105 lub dane osobowe os\u00f3b trzecich:\n<ul class=\"wp-block-list\">\n<li>Dane osobowe (np. imi\u0119 i nazwisko, adres zameldowania\/zamieszkania),<\/li>\n\n\n\n<li>Dane kontaktowe (np. adres korespondencyjny, numer telefonu, adres e-mail),<\/li>\n\n\n\n<li>Dane identyfikacyjne (np. numer i seria dowodu osobistego, numer PESEL, numer NIP),<\/li>\n\n\n\n<li>Dane transakcyjne (np. dane dotycz\u0105ce p\u0142atno\u015bci zobowi\u0105za\u0144, dane rachunku bankowego),<\/li>\n\n\n\n<li>Dane behawioralne (np. dane dotycz\u0105 wykorzystania medi\u00f3w),<\/li>\n\n\n\n<li>Dane komunikacyjne (np. dane wynikaj\u0105ce z prowadzonej korespondencji),<\/li>\n\n\n\n<li>Dane kontraktowe (np. dane wynikaj\u0105ce z podpisanych um\u00f3w, porozumie\u0144),<\/li>\n\n\n\n<li>Dane dotycz\u0105ce powi\u0105za\u0144 prawnych (np. informacje niezb\u0119dne do realizacji dyspozycji zgodnie z udzielonym pe\u0142nomocnictwem, upowa\u017cnieniem),<\/li>\n\n\n\n<li>Dane dost\u0119pne publicznie (np. dane z ksi\u0119gi wieczystej),<\/li>\n\n\n\n<li>Dane techniczne (np. dane nieruchomo\u015bci, stanu technicznego),<\/li>\n\n\n\n<li>Dane historii przegl\u0105dania (dane dotycz\u0105ce wykorzystania udost\u0119pnione panelu czynszowego),<\/li>\n\n\n\n<li>Inne dane (np. wizerunek w ramach stosowania systemu monitoringu wizyjnego, dat\u0119 nagania, miejsce, czas).<\/li>\n<\/ul>\n<\/li>\n<\/ul>\n<\/blockquote>\n\n\n\n<h4 class=\"wp-block-heading\">Okres przetwarzania danych<\/h4>\n\n\n\n<blockquote class=\"wp-block-quote is-layout-flow wp-block-quote-is-layout-flow\">\n<ul class=\"wp-block-list\">\n<li>Dane osobowe s\u0105 przetwarzane przez okres ustalony zgodnie z celem i podstaw\u0105 legalno\u015bci ich przetwarzania, w tym:\n<ul class=\"wp-block-list\">\n<li>w przypadku, gdy Administrator Danych przetwarza dane osobowe na podstawie uzasadnionego interesu administratora danych, okres przetwarzania trwa do momentu ustania ww. interesu (np. okres przedawnienia roszcze\u0144 cywilnoprawnych) lub do momentu sprzeciwienia si\u0119 osoby, kt\u00f3rej dane dotycz\u0105, dalszemu takiemu przetwarzaniu \u2013 w sytuacjach, gdy sprzeciw taki zgodnie z przepisami prawa przys\u0142uguje;<\/li>\n\n\n\n<li>w przypadku, gdy Administrator Danych przetwarza dane osobowe, poniewa\u017c jest to konieczne z uwagi na obowi\u0105zuj\u0105ce przepisy prawa, okresy przetwarzania danych w tym celu okre\u015blaj\u0105 te przepisy np. Ordynacja podatkowa, Kodeks pracy;<\/li>\n\n\n\n<li>w przypadku zako\u0144czenia realizacji umowy, przez okres do 5 lat w stosunku do podmiot\u00f3w gospodarczych lub do 10 lat w stosunku do os\u00f3b fizycznych od dnia zako\u0144czenia\/rozwi\u0105zania umowy;<\/li>\n\n\n\n<li>w przypadku przetwarzania danych na podstawie udzielonej zgody, do momentu wycofania zgody lub zako\u0144czenia celu, na kt\u00f3ry zgoda zosta\u0142a wyra\u017cona.<\/li>\n<\/ul>\n<\/li>\n<\/ul>\n<\/blockquote>\n\n\n\n<h4 class=\"wp-block-heading\">Prawa przys\u0142uguj\u0105ce osobie, kt\u00f3rej dane dotycz\u0105<\/h4>\n\n\n\n<blockquote class=\"wp-block-quote is-layout-flow wp-block-quote-is-layout-flow\">\n<ul class=\"wp-block-list\">\n<li>Przys\u0142uguj\u0105 Pa\u0144stwu, w odniesieniu do Pa\u0144stwa danych prawo do:\n<ul class=\"wp-block-list\">\n<li>Cofni\u0119cia udzielonej zgody w ka\u017cdym dowolnym momencie, co spowoduje zaprzestanie przetwarzania Pani\/Pana danych osobowych, przetwarzanych przez Administratora na podstawie udzielonej zgody. Cofni\u0119cie zgody nie wp\u0142ywa na zgodno\u015b\u0107 przetwarzania Pani\/Pana danych osobowych, kt\u00f3rego dokonano na podstawie udzielonej zgody przed jej cofni\u0119ciem;<\/li>\n\n\n\n<li>\u017b\u0105dania usuni\u0119cia (prawo do bycia zapomnianym) dotycz\u0105cych Pa\u0144stwa danych osobowych z system\u00f3w informatycznych oraz z akt. Prawo to zostanie przez Administratora zrealizowane, o ile nie spoczywa na Administratorze prawny obowi\u0105zek zachowania, a tym samym przetwarzania danych, pomimo wniesienia prawa do bycia zapomnianym;<\/li>\n\n\n\n<li>Dost\u0119pu do swoich danych, \u017c\u0105dania wydania kopii danych;<\/li>\n\n\n\n<li>Sprostowania danych (aktualizacji danych). Informujemy, \u017ce zaktualizowanie danych, nie spowoduje usuni\u0119cia danych przed dokonaniem aktualizacji, co zwi\u0105zane jest z obowi\u0105zkiem zachowania sp\u00f3jno\u015bci danych, przetwarzanych przez Administratora w okre\u015blonym celu;<\/li>\n\n\n\n<li>Ograniczenia przetwarzania, w tym r\u00f3wnie\u017c prawo do wniesienia sprzeciwu wobec przetwarzania danych powo\u0142uj\u0105c si\u0119 na okre\u015blon\u0105 sytuacj\u0119. Informujemy, \u017ce wskazane prawo zostanie przez Administratora zrealizowane wy\u0142\u0105cznie w sytuacji, gdy wykonanie okre\u015blonej czynno\u015bci nie jest sprzeczne z obowi\u0105zuj\u0105cymi przepisami prawa, kt\u00f3re obliguj\u0105 Administratora do przetwarzania danych;<\/li>\n\n\n\n<li>Przeniesienia swoich danych z system\u00f3w informatycznych na rzecz wskazanego podmiotu;<\/li>\n\n\n\n<li>Wniesienia skargi do Prezesa Urz\u0119du Ochrony Danych Osobowych na dzia\u0142ania Administratora Danych w zakresie przetwarzanych przez niego danych;<\/li>\n\n\n\n<li>W\/w prawa mo\u017cna wykonywa\u0107 poprzez wys\u0142anie e-maila na adres: <a href=\"mailto:sekretariat@smpiast.com.pl\">sekretariat@smpiast.com.pl<\/a> lub <a href=\"mailto:iod@smpiast.com.pl\">iod@smpiast.com.pl<\/a> lub osobi\u015bcie w siedzibie AD.<\/li>\n<\/ul>\n<\/li>\n<\/ul>\n<\/blockquote>\n\n\n\n<blockquote class=\"wp-block-quote is-layout-flow wp-block-quote-is-layout-flow\">\n<h3 class=\"wp-block-heading\">Klauzule informacyjne RODO \u2013 pliki do pobrania<\/h3>\n\n\n\n<p>W zwi\u0105zku z realizacj\u0105 obowi\u0105zk\u00f3w wynikaj\u0105cych z RODO,<strong> Sp\u00f3\u0142dzielnia Mieszkaniowa \u201ePiast\u201d<\/strong> udost\u0119pnia poni\u017cej klauzule informacyjne w formacie PDF:<\/p>\n\n\n\n<p>Dokumenty dost\u0119pne s\u0105 do pobrania w formacie PDF po klikni\u0119ciu w przycisk pobierz.<\/p>\n<\/blockquote>\n\n\n\n<div class=\"wp-block-file\"><a id=\"wp-block-file--media-6f6de28a-9f9c-47b0-8492-bc9c7aabb812\" href=\"https:\/\/smpiast.com.pl\/wp-content\/uploads\/2025\/10\/OGOLNA-KLAUZULA-INFORMACYJNA.pdf\">OG\u00d3LNA KLAUZULA INFORMACYJNA<\/a><a href=\"https:\/\/smpiast.com.pl\/wp-content\/uploads\/2025\/10\/OGOLNA-KLAUZULA-INFORMACYJNA.pdf\" class=\"wp-block-file__button wp-element-button\" download aria-describedby=\"wp-block-file--media-6f6de28a-9f9c-47b0-8492-bc9c7aabb812\">Pobierz<\/a><\/div>\n\n\n\n<div class=\"wp-block-file\"><a id=\"wp-block-file--media-c1f1dfa1-d341-41b7-aaa2-58d70cc4b123\" href=\"https:\/\/smpiast.com.pl\/wp-content\/uploads\/2025\/10\/KLAUZULA-INFORMACYJNA-DLA-POCZTY-ELEKTRONICZNEJ.pdf\">KLAUZULA INFORMACYJNA DLA POCZTY ELEKTRONICZNEJ<\/a><a href=\"https:\/\/smpiast.com.pl\/wp-content\/uploads\/2025\/10\/KLAUZULA-INFORMACYJNA-DLA-POCZTY-ELEKTRONICZNEJ.pdf\" class=\"wp-block-file__button wp-element-button\" download aria-describedby=\"wp-block-file--media-c1f1dfa1-d341-41b7-aaa2-58d70cc4b123\">Pobierz<\/a><\/div>\n\n\n\n<div class=\"wp-block-file\"><a id=\"wp-block-file--media-d7965ba9-e503-4513-b72b-4ffd45432eca\" href=\"https:\/\/smpiast.com.pl\/wp-content\/uploads\/2025\/10\/KLAUZULA-INFORMACYJNA-DLA-PROCESU-REKRUTACJI.pdf\">KLAUZULA INFORMACYJNA DLA PROCESU REKRUTACJI<\/a><a href=\"https:\/\/smpiast.com.pl\/wp-content\/uploads\/2025\/10\/KLAUZULA-INFORMACYJNA-DLA-PROCESU-REKRUTACJI.pdf\" class=\"wp-block-file__button wp-element-button\" download aria-describedby=\"wp-block-file--media-d7965ba9-e503-4513-b72b-4ffd45432eca\">Pobierz<\/a><\/div>\n\n\n\n<div class=\"wp-block-file\"><a id=\"wp-block-file--media-7f0a6fdd-358f-4eec-a7c1-032e7b2b41dc\" href=\"https:\/\/smpiast.com.pl\/wp-content\/uploads\/2025\/10\/KLAUZULA-INFORMACYJNA-DOTYCZACA-REALIZACJI-UMOW-CYWILNO-\u2013-PRAWNYCH.pdf\">KLAUZULA INFORMACYJNA DOTYCZ\u0104CA REALIZACJI UM\u00d3W CYWILNO \u2013 PRAWNYCH<\/a><a href=\"https:\/\/smpiast.com.pl\/wp-content\/uploads\/2025\/10\/KLAUZULA-INFORMACYJNA-DOTYCZACA-REALIZACJI-UMOW-CYWILNO-\u2013-PRAWNYCH.pdf\" class=\"wp-block-file__button wp-element-button\" download aria-describedby=\"wp-block-file--media-7f0a6fdd-358f-4eec-a7c1-032e7b2b41dc\">Pobierz<\/a><\/div>\n\n\n\n<div class=\"wp-block-file\"><a id=\"wp-block-file--media-50400300-aa80-4228-82d6-1d0e3b62097f\" href=\"https:\/\/smpiast.com.pl\/wp-content\/uploads\/2025\/10\/KLAUZULA-INFORMACYJNA-O-PRZETWARZANIU-DANYCH-OSOBOWYCH-W-PRZYPADKU-SKLADANIA-WNIOSKU-LUB-SKARGI.pdf\">KLAUZULA INFORMACYJNA O PRZETWARZANIU DANYCH OSOBOWYCH W PRZYPADKU SK\u0141ADANIA WNIOSKU LUB SKARGI<\/a><a href=\"https:\/\/smpiast.com.pl\/wp-content\/uploads\/2025\/10\/KLAUZULA-INFORMACYJNA-O-PRZETWARZANIU-DANYCH-OSOBOWYCH-W-PRZYPADKU-SKLADANIA-WNIOSKU-LUB-SKARGI.pdf\" class=\"wp-block-file__button wp-element-button\" download aria-describedby=\"wp-block-file--media-50400300-aa80-4228-82d6-1d0e3b62097f\">Pobierz<\/a><\/div>\n","protected":false},"excerpt":{"rendered":"<p>OG\u00d3LNA KLAUZULA INFORMACYJNA RODO Szanowni Pa\u0144stwo,Spe\u0142niaj\u0105c obowi\u0105zek informacyjny wynikaj\u0105cy z art. 13 RODO uprzejmie informujemy, \u017ce Sp\u00f3\u0142dzielnia Mieszkaniowa \u201ePiast\u201d we Wroc\u0142awiu przetwarza dane o cz\u0142onkach Sp\u00f3\u0142dzielni, w\u0142a\u015bcicielach mieszka\u0144 nieb\u0119d\u0105cymi cz\u0142onkami [&hellip;]<\/p>\n","protected":false},"author":105,"featured_media":0,"parent":0,"menu_order":0,"comment_status":"closed","ping_status":"closed","template":"","meta":{"_themeisle_gutenberg_block_has_review":false,"footnotes":""},"class_list":["post-27","page","type-page","status-publish","hentry"],"blocksy_meta":[],"_links":{"self":[{"href":"https:\/\/smpiast.com.pl\/index.php?rest_route=\/wp\/v2\/pages\/27","targetHints":{"allow":["GET"]}}],"collection":[{"href":"https:\/\/smpiast.com.pl\/index.php?rest_route=\/wp\/v2\/pages"}],"about":[{"href":"https:\/\/smpiast.com.pl\/index.php?rest_route=\/wp\/v2\/types\/page"}],"author":[{"embeddable":true,"href":"https:\/\/smpiast.com.pl\/index.php?rest_route=\/wp\/v2\/users\/105"}],"replies":[{"embeddable":true,"href":"https:\/\/smpiast.com.pl\/index.php?rest_route=%2Fwp%2Fv2%2Fcomments&post=27"}],"version-history":[{"count":6,"href":"https:\/\/smpiast.com.pl\/index.php?rest_route=\/wp\/v2\/pages\/27\/revisions"}],"predecessor-version":[{"id":3600,"href":"https:\/\/smpiast.com.pl\/index.php?rest_route=\/wp\/v2\/pages\/27\/revisions\/3600"}],"wp:attachment":[{"href":"https:\/\/smpiast.com.pl\/index.php?rest_route=%2Fwp%2Fv2%2Fmedia&parent=27"}],"curies":[{"name":"wp","href":"https:\/\/api.w.org\/{rel}","templated":true}]}}