{"id":26,"date":"2024-02-08T09:57:44","date_gmt":"2024-02-08T09:57:44","guid":{"rendered":"https:\/\/new.smpiast.com.pl\/?page_id=26"},"modified":"2026-04-22T16:15:48","modified_gmt":"2026-04-22T14:15:48","slug":"dokumenty","status":"publish","type":"page","link":"https:\/\/smpiast.com.pl\/?page_id=26","title":{"rendered":"Dokumenty"},"content":{"rendered":"\n<h5 class=\"wp-block-heading\"><strong>Statut Sp\u00f3\u0142dzielni Mieszkaniowej &#8222;Piast&#8221; <\/strong><\/h5>\n\n\n\n<div class=\"wp-block-file\"><a id=\"wp-block-file--media-d7c8c841-9ff6-4040-ad5b-26d3b58c3a29\" href=\"https:\/\/smpiast.com.pl\/wp-content\/uploads\/2026\/04\/Statut-SM-PIAST.pdf\">Statut SM PIAST<\/a><\/div>\n\n\n\n<h5 class=\"wp-block-heading\"><strong>Regulamin Zarz\u0105du<\/strong><\/h5>\n\n\n\n<div class=\"wp-block-file\"><a id=\"wp-block-file--media-d4ba8ae7-80f0-41b4-b1c5-b047a8f8dec7\" href=\"https:\/\/smpiast.com.pl\/wp-content\/uploads\/2024\/02\/Regulaminu-Zarzadu-SM-Piast.pdf\">Regulamin Zarz\u0105du<\/a><\/div>\n\n\n\n<h5 class=\"wp-block-heading\"><strong><strong><strong>Regulamin <\/strong><\/strong>Rady Nadzorczej<\/strong><\/h5>\n\n\n\n<div class=\"wp-block-file\"><a id=\"wp-block-file--media-1ac472b9-eecd-4554-ba32-7c09f4e41a85\" href=\"https:\/\/smpiast.com.pl\/wp-content\/uploads\/2024\/02\/Regulaminie-Rady-Nadzorczej-SM-Piast.pdf\">Regulamin Rady Nadzorczej<\/a><\/div>\n\n\n\n<h5 class=\"wp-block-heading\"><strong>Regulamin Komisji Rady Nadzorczej<\/strong><\/h5>\n\n\n\n<div class=\"wp-block-file\"><a id=\"wp-block-file--media-67b54107-0c4a-4df8-a833-ac42bfa94675\" href=\"https:\/\/smpiast.com.pl\/wp-content\/uploads\/2024\/02\/Regulamin-Komisji-Rady-Nadzorczej-SM-Piast.pdf\">Regulamin Komisji Rady Nadzorczej<\/a><\/div>\n\n\n\n<h5 class=\"wp-block-heading\"><strong><strong>Regulamin <\/strong>Rad Nieruchomo\u015bci<\/strong><\/h5>\n\n\n\n<div class=\"wp-block-file\"><a id=\"wp-block-file--media-eeda0f46-2844-4e2e-8707-e1fa14bbe452\" href=\"https:\/\/smpiast.com.pl\/wp-content\/uploads\/2024\/08\/Regulaminu-Rad-Nieruchomosci-SM-Piast.pdf\">Regulamin Rad Nieruchomo\u015bci<\/a><\/div>\n\n\n\n<h5 class=\"wp-block-heading\"><strong>Regulamin przetarg\u00f3w i udzielania zam\u00f3wie\u0144<\/strong><\/h5>\n\n\n\n<div class=\"wp-block-file\"><a id=\"wp-block-file--media-f8269c31-5cf9-4a91-9bdd-50cc6f7664e0\" href=\"https:\/\/smpiast.com.pl\/wp-content\/uploads\/2024\/02\/Regulamin-udzielania-zamowien-na-roboty-dostawy-i-uslugi-SM-Piast.pdf\">Regulamin przetarg\u00f3w i zam\u00f3wie\u0144 w SM PIAST<\/a><\/div>\n\n\n\n<h5 class=\"wp-block-heading\"><strong>Regulamin rozlicze\u0144 koszt\u00f3w gospodarki zasobami mieszkaniowymi<\/strong><\/h5>\n\n\n\n<div class=\"wp-block-file\"><a id=\"wp-block-file--media-c8ec3d8e-853e-4bfe-b67c-82c0f55c0b89\" href=\"https:\/\/smpiast.com.pl\/wp-content\/uploads\/2025\/01\/Regulamin-GZM.pdf\">Regulamin GZM<\/a><\/div>\n\n\n\n<h5 class=\"wp-block-heading\"><strong>Regulamin dysponowania pomieszczeniami wsp\u00f3lnymi<\/strong><\/h5>\n\n\n\n<div class=\"wp-block-file\"><a id=\"wp-block-file--media-6249ece1-e1ef-4cf8-bcce-842de4cfd40d\" href=\"https:\/\/smpiast.com.pl\/wp-content\/uploads\/2024\/02\/Regulamin-przekazywania-do-uzytkowania-pomieszczen-miedzy-pietrami-przestrzeni-pod-schodami-i-innych-pomieszczen-czlonkom-Spoldzielni-Mieszkaniowej-\u201ePiast.pdf\">Regulamin dysponowania pomieszczeniami wsp\u00f3lnymi<\/a><\/div>\n\n\n\n<h5 class=\"wp-block-heading\"><strong>Regulamin dzia\u0142alno\u015bci spo\u0142ecznej, o\u015bwiatowej i kulturalnej<\/strong><\/h5>\n\n\n\n<div class=\"wp-block-file\"><a id=\"wp-block-file--media-4aba7872-212f-43d1-b739-224224620aeb\" href=\"https:\/\/smpiast.com.pl\/wp-content\/uploads\/2024\/02\/Regulamin-dzialalnosci-spolecznej-kulturalnej-i-oswiatowej-prowadzonej-w-SM-Piast.pdf\">Regulamin dzia\u0142alno\u015bci spo\u0142ecznej, o\u015bwiatowej i kulturalnej<\/a><\/div>\n\n\n\n<h5 class=\"wp-block-heading\"><strong>Regulamin gospodarki finansowej<\/strong><\/h5>\n\n\n\n<div class=\"wp-block-file\"><a id=\"wp-block-file--media-d47ef181-950f-4a2d-972c-4588f30ef96a\" href=\"https:\/\/smpiast.com.pl\/wp-content\/uploads\/2024\/02\/Regulamin-gospodarki-finansowej-SM-Piast.pdf\">Regulamin gospodarki finansowej<\/a><\/div>\n\n\n\n<h5 class=\"wp-block-heading\"><strong>Regulamin okre\u015blaj\u0105cy tryb i zasady przetargu na ustanowienie odr\u0119bnej w\u0142asno\u015bci lokali<\/strong><\/h5>\n\n\n\n<div class=\"wp-block-file\"><a id=\"wp-block-file--media-34756d30-53d3-4190-aa7d-5f0bfa758785\" href=\"https:\/\/smpiast.com.pl\/wp-content\/uploads\/2024\/02\/Regulamin-okreslajacy-tryb-i-zasady-przetargu-na-ustanowienie-odrebnej-wlasnosci-lokali-SM-Piast.pdf\">Regulamin okre\u015blaj\u0105cy tryb i zasady przetargu na ustanowienie odr\u0119bnej w\u0142asno\u015bci lokali<\/a><\/div>\n\n\n\n<h5 class=\"wp-block-heading\"><strong>Regulamin organizacyjny<\/strong><\/h5>\n\n\n\n<div class=\"wp-block-file\"><a id=\"wp-block-file--media-9038368e-352d-4129-ab1c-e2d59370c75f\" href=\"https:\/\/smpiast.com.pl\/wp-content\/uploads\/2024\/02\/Regulamin-organizacyjny-SM-Piast.pdf\">Regulamin organizacyjny<\/a><\/div>\n\n\n\n<h5 class=\"wp-block-heading\"><strong><strong>Regulamin <\/strong>porz\u0105dku domowego<\/strong><\/h5>\n\n\n\n<div class=\"wp-block-file\"><a id=\"wp-block-file--media-eba308f5-5f71-4d47-93aa-e98fda4bc669\" href=\"https:\/\/smpiast.com.pl\/wp-content\/uploads\/2024\/02\/Regulaminu-porzadku-domowego-SM-Piast.pdf\">Regulamin porz\u0105dku domowego<\/a><\/div>\n\n\n\n<h5 class=\"wp-block-heading\"><strong><strong>Regulamin <\/strong>funduszu remontowego<\/strong><\/h5>\n\n\n\n<div class=\"wp-block-file\"><a id=\"wp-block-file--media-636335f3-1d38-496a-9e15-676102762ec1\" href=\"https:\/\/smpiast.com.pl\/wp-content\/uploads\/2025\/04\/Regulamin-funduszu-remontowego-SM-Piast.pdf\">Regulamin funduszu remontowego SM Piast<\/a><\/div>\n","protected":false},"excerpt":{"rendered":"<p>Statut Sp\u00f3\u0142dzielni Mieszkaniowej &#8222;Piast&#8221; Regulamin Zarz\u0105du Regulamin Rady Nadzorczej Regulamin Komisji Rady Nadzorczej Regulamin Rad Nieruchomo\u015bci Regulamin przetarg\u00f3w i udzielania zam\u00f3wie\u0144 Regulamin rozlicze\u0144 koszt\u00f3w gospodarki zasobami mieszkaniowymi Regulamin dysponowania pomieszczeniami [&hellip;]<\/p>\n","protected":false},"author":105,"featured_media":0,"parent":0,"menu_order":0,"comment_status":"closed","ping_status":"closed","template":"","meta":{"_themeisle_gutenberg_block_has_review":false,"footnotes":""},"class_list":["post-26","page","type-page","status-publish","hentry"],"blocksy_meta":[],"_links":{"self":[{"href":"https:\/\/smpiast.com.pl\/index.php?rest_route=\/wp\/v2\/pages\/26","targetHints":{"allow":["GET"]}}],"collection":[{"href":"https:\/\/smpiast.com.pl\/index.php?rest_route=\/wp\/v2\/pages"}],"about":[{"href":"https:\/\/smpiast.com.pl\/index.php?rest_route=\/wp\/v2\/types\/page"}],"author":[{"embeddable":true,"href":"https:\/\/smpiast.com.pl\/index.php?rest_route=\/wp\/v2\/users\/105"}],"replies":[{"embeddable":true,"href":"https:\/\/smpiast.com.pl\/index.php?rest_route=%2Fwp%2Fv2%2Fcomments&post=26"}],"version-history":[{"count":18,"href":"https:\/\/smpiast.com.pl\/index.php?rest_route=\/wp\/v2\/pages\/26\/revisions"}],"predecessor-version":[{"id":4495,"href":"https:\/\/smpiast.com.pl\/index.php?rest_route=\/wp\/v2\/pages\/26\/revisions\/4495"}],"wp:attachment":[{"href":"https:\/\/smpiast.com.pl\/index.php?rest_route=%2Fwp%2Fv2%2Fmedia&parent=26"}],"curies":[{"name":"wp","href":"https:\/\/api.w.org\/{rel}","templated":true}]}}