{"id":24,"date":"2024-02-08T09:57:44","date_gmt":"2024-02-08T09:57:44","guid":{"rendered":"https:\/\/new.smpiast.com.pl\/?page_id=24"},"modified":"2025-12-18T13:17:51","modified_gmt":"2025-12-18T12:17:51","slug":"rada-nadzorcza","status":"publish","type":"page","link":"https:\/\/smpiast.com.pl\/?page_id=24","title":{"rendered":"Rada Nadzorcza"},"content":{"rendered":"\n<p><strong>SK\u0141AD RADY NADZORCZEJ SP\u00d3\u0141DZIELNI MIESZKANIOWEJ \u201cPIAST\u201d <\/strong><\/p>\n\n\n\n<div class=\"wp-block-columns is-layout-flex wp-container-core-columns-is-layout-28f84493 wp-block-columns-is-layout-flex\">\n<div class=\"wp-block-column is-layout-flow wp-block-column-is-layout-flow\">\n<div class=\"wp-block-columns is-layout-flex wp-container-core-columns-is-layout-28f84493 wp-block-columns-is-layout-flex\">\n<div class=\"wp-block-column is-layout-flow wp-block-column-is-layout-flow\">\n<figure class=\"wp-block-image aligncenter size-full\"><img decoding=\"async\" src=\"\/wp-content\/uploads\/2024\/02\/SM-PIAST-MS.png\" alt=\"\" class=\"wp-image-178\"\/><\/figure>\n\n\n\n<p class=\"has-text-align-center has-palette-color-1-color has-text-color has-link-color has-medium-font-size wp-elements-f6be494455c6d0d51fb0bfa8e1acf21c\" style=\"text-transform:uppercase\"><strong>Magdalena<\/strong><br><strong>\u0106wikowska<\/strong><\/p>\n\n\n\n<hr class=\"wp-block-separator has-alpha-channel-opacity\"\/>\n\n\n\n<p class=\"has-text-align-center has-palette-color-2-color has-text-color has-link-color wp-elements-43c9fa439e181d9e72c71b2c43e3b231\" style=\"text-transform:uppercase\"><strong>Przewodnicz\u0105ca<\/strong><strong><br>Rady  Nadzorczej<\/strong><\/p>\n<\/div>\n\n\n\n<div class=\"wp-block-column is-layout-flow wp-block-column-is-layout-flow\">\n<figure class=\"wp-block-image aligncenter size-full\"><img decoding=\"async\" src=\"\/wp-content\/uploads\/2024\/02\/SM-PIAST-MR.png\" alt=\"\" class=\"wp-image-184\"\/><\/figure>\n\n\n\n<p class=\"has-text-align-center has-palette-color-1-color has-text-color has-link-color has-medium-font-size wp-elements-c2b6ec08d047f44ca76e5042ebce590c\" style=\"text-transform:uppercase\"><strong>ZBIGNIEW MAKSYMCZYK<\/strong><\/p>\n\n\n\n<hr class=\"wp-block-separator has-alpha-channel-opacity\"\/>\n\n\n\n<p class=\"has-text-align-center has-palette-color-2-color has-text-color has-link-color wp-elements-042940569004a4bad157f827b4500a93\" style=\"text-transform:uppercase\"><strong>ZAST\u0118PCA PRZEWODNICZ\u0104CEJ RADY NADZORCZEJ<\/strong><\/p>\n<\/div>\n\n\n\n<div class=\"wp-block-column is-layout-flow wp-block-column-is-layout-flow\">\n<figure class=\"wp-block-image aligncenter size-full\"><img decoding=\"async\" src=\"\/wp-content\/uploads\/2024\/02\/SM-PIAST-MS.png\" alt=\"\" class=\"wp-image-178\"\/><\/figure>\n\n\n\n<p class=\"has-text-align-center has-palette-color-1-color has-text-color has-link-color has-medium-font-size wp-elements-989b1c2badf95a269ea5028b2f27007f\" style=\"text-transform:uppercase\"><strong><strong>JADWIGA OGONOWSKA<\/strong><\/strong><br><\/p>\n\n\n\n<hr class=\"wp-block-separator has-alpha-channel-opacity\"\/>\n\n\n\n<p class=\"has-text-align-center has-palette-color-2-color has-text-color has-link-color wp-elements-42d9dfd2fafc54bd105ebb71358121b4\" style=\"text-transform:uppercase\"><strong>SEKRETARZ <\/strong><br><strong>Rady <\/strong><strong>Nadzorczej<\/strong><\/p>\n<\/div>\n\n\n\n<div class=\"wp-block-column is-layout-flow wp-block-column-is-layout-flow\">\n<figure class=\"wp-block-image aligncenter size-full\"><img decoding=\"async\" src=\"\/wp-content\/uploads\/2024\/02\/SM-PIAST-MS.png\" alt=\"\" class=\"wp-image-178\"\/><\/figure>\n\n\n\n<p class=\"has-text-align-center has-palette-color-1-color has-text-color has-link-color has-medium-font-size wp-elements-4a7e13a9b791fe2795a211c6e568611a\" style=\"text-transform:uppercase\"><strong><strong>MA\u0141GORZATA <br>                  GIE\u0141DA<\/strong><\/strong><\/p>\n\n\n\n<hr class=\"wp-block-separator has-alpha-channel-opacity\"\/>\n\n\n\n<p class=\"has-text-align-center has-palette-color-2-color has-text-color has-link-color wp-elements-038f5298fd82cfa204fe1bff9980d4af\" style=\"text-transform:uppercase\">CZ\u0141ONEK<br> RADY NADZORCZEJ<\/p>\n<\/div>\n<\/div>\n\n\n\n<div class=\"wp-block-columns is-layout-flex wp-container-core-columns-is-layout-28f84493 wp-block-columns-is-layout-flex\">\n<div class=\"wp-block-column is-layout-flow wp-block-column-is-layout-flow\">\n<figure class=\"wp-block-image aligncenter size-full\"><img decoding=\"async\" src=\"\/wp-content\/uploads\/2024\/02\/SM-PIAST-MS.png\" alt=\"\" class=\"wp-image-178\"\/><\/figure>\n\n\n\n<p class=\"has-text-align-center has-palette-color-1-color has-text-color has-link-color has-medium-font-size wp-elements-85dc0af89dfc6bba67166670bfd529d1\" style=\"text-transform:uppercase\"><strong><strong>MA\u0141GORZATA JEDNOR\u00d3G<\/strong><\/strong><\/p>\n\n\n\n<hr class=\"wp-block-separator has-alpha-channel-opacity\"\/>\n\n\n\n<p class=\"has-text-align-center has-palette-color-2-color has-text-color has-link-color wp-elements-038f5298fd82cfa204fe1bff9980d4af\" style=\"text-transform:uppercase\">CZ\u0141ONEK<br> RADY NADZORCZEJ<\/p>\n<\/div>\n\n\n\n<div class=\"wp-block-column is-layout-flow wp-block-column-is-layout-flow\">\n<figure class=\"wp-block-image aligncenter size-full\"><img decoding=\"async\" src=\"\/wp-content\/uploads\/2024\/02\/SM-PIAST-MS.png\" alt=\"\" class=\"wp-image-178\"\/><\/figure>\n\n\n\n<p class=\"has-text-align-center has-palette-color-1-color has-text-color has-link-color has-medium-font-size wp-elements-725005a8a377a0bc6266c971e1d5b3de\" style=\"text-transform:uppercase\"><strong>EMILIA <br>KOLUS<\/strong><\/p>\n\n\n\n<hr class=\"wp-block-separator has-alpha-channel-opacity\"\/>\n\n\n\n<p class=\"has-text-align-center has-palette-color-2-color has-text-color has-link-color wp-elements-038f5298fd82cfa204fe1bff9980d4af\" style=\"text-transform:uppercase\">CZ\u0141ONEK<br> RADY NADZORCZEJ<\/p>\n<\/div>\n\n\n\n<div class=\"wp-block-column is-layout-flow wp-block-column-is-layout-flow\">\n<figure class=\"wp-block-image aligncenter size-full\"><img decoding=\"async\" src=\"\/wp-content\/uploads\/2024\/02\/SM-PIAST-MR.png\" alt=\"\" class=\"wp-image-184\"\/><\/figure>\n\n\n\n<p class=\"has-text-align-center has-palette-color-1-color has-text-color has-link-color has-medium-font-size wp-elements-71d1ecd5100733e72a0834cf2234bc6b\" style=\"text-transform:uppercase\"><strong>TOMASZ<br>POMIAN<\/strong><\/p>\n\n\n\n<hr class=\"wp-block-separator has-alpha-channel-opacity\"\/>\n\n\n\n<p class=\"has-text-align-center has-palette-color-2-color has-text-color has-link-color wp-elements-038f5298fd82cfa204fe1bff9980d4af\" style=\"text-transform:uppercase\">CZ\u0141ONEK<br> RADY NADZORCZEJ<\/p>\n<\/div>\n\n\n\n<div class=\"wp-block-column is-layout-flow wp-block-column-is-layout-flow\">\n<figure class=\"wp-block-image aligncenter size-large\"><img loading=\"lazy\" decoding=\"async\" width=\"120\" height=\"120\" src=\"https:\/\/smpiast.com.pl\/wp-content\/uploads\/2024\/02\/SM-PIAST-MR.png\" alt=\"\" class=\"wp-image-9\"\/><\/figure>\n\n\n\n<p class=\"has-text-align-center has-palette-color-1-color has-text-color has-link-color has-medium-font-size wp-elements-2b98cfd3b942c26852235db3e84d364c\" style=\"text-transform:uppercase\"><strong><strong>PIOTR <br>JAROS<\/strong><\/strong><\/p>\n\n\n\n<hr class=\"wp-block-separator has-alpha-channel-opacity\"\/>\n\n\n\n<p class=\"has-text-align-center has-palette-color-2-color has-text-color has-link-color wp-elements-038f5298fd82cfa204fe1bff9980d4af\" style=\"text-transform:uppercase\">CZ\u0141ONEK<br> RADY NADZORCZEJ<\/p>\n<\/div>\n<\/div>\n<\/div>\n<\/div>\n\n\n\n<div class=\"wp-block-columns is-layout-flex wp-container-core-columns-is-layout-28f84493 wp-block-columns-is-layout-flex\">\n<div class=\"wp-block-column is-layout-flow wp-block-column-is-layout-flow\">\n<figure class=\"wp-block-image aligncenter size-full wp-duotone-unset-1\"><img decoding=\"async\" src=\"\/wp-content\/uploads\/2024\/02\/SM-PIAST-MR.png\" alt=\"\" class=\"wp-image-184\"\/><\/figure>\n\n\n\n<p class=\"has-text-align-center has-palette-color-1-color has-text-color has-link-color has-medium-font-size wp-elements-3d2181d90f45757b4a393ebb679649a6\" style=\"text-transform:uppercase\"><strong>WIES\u0141AW BAZANOWSKI<\/strong><\/p>\n\n\n\n<hr class=\"wp-block-separator has-alpha-channel-opacity\"\/>\n\n\n\n<p class=\"has-text-align-center has-palette-color-2-color has-text-color has-link-color wp-elements-038f5298fd82cfa204fe1bff9980d4af\" style=\"text-transform:uppercase\">CZ\u0141ONEK<br> RADY NADZORCZEJ<\/p>\n<\/div>\n\n\n\n<div class=\"wp-block-column is-layout-flow wp-block-column-is-layout-flow\">\n<figure class=\"wp-block-image aligncenter size-full wp-duotone-unset-2\"><img decoding=\"async\" src=\"\/wp-content\/uploads\/2024\/02\/SM-PIAST-MR.png\" alt=\"\" class=\"wp-image-184\"\/><\/figure>\n\n\n\n<p class=\"has-text-align-center has-palette-color-1-color has-text-color has-link-color has-medium-font-size wp-elements-7967bb875503600e00c72c60c2da775e\" style=\"text-transform:uppercase\"><strong>ROMAN <br>FIJA\u0141<\/strong><\/p>\n\n\n\n<hr class=\"wp-block-separator has-alpha-channel-opacity\"\/>\n\n\n\n<p class=\"has-text-align-center has-palette-color-2-color has-text-color has-link-color wp-elements-8547630b567ff14a2947c6fe5e04fe5e\" style=\"text-transform:uppercase\">CZ\u0141ONEK <br>RADY NADZORCZEJ<\/p>\n<\/div>\n\n\n\n<div class=\"wp-block-column is-layout-flow wp-block-column-is-layout-flow\">\n<figure class=\"wp-block-image aligncenter size-full\"><img decoding=\"async\" src=\"\/wp-content\/uploads\/2024\/02\/SM-PIAST-MR.png\" alt=\"\" class=\"wp-image-184\"\/><\/figure>\n\n\n\n<p class=\"has-text-align-center has-palette-color-1-color has-text-color has-link-color has-medium-font-size wp-elements-de929fb6a66e87f6d487f1ec8d1d4921\" style=\"text-transform:uppercase\"><strong><strong>MAREK<br> KO\u0141ODZIEJ<\/strong><\/strong><\/p>\n\n\n\n<hr class=\"wp-block-separator has-alpha-channel-opacity\"\/>\n\n\n\n<p class=\"has-text-align-center has-palette-color-2-color has-text-color has-link-color wp-elements-038f5298fd82cfa204fe1bff9980d4af\" style=\"text-transform:uppercase\">CZ\u0141ONEK<br> RADY NADZORCZEJ<\/p>\n<\/div>\n\n\n\n<div class=\"wp-block-column is-layout-flow wp-block-column-is-layout-flow\">\n<figure class=\"wp-block-image aligncenter size-full is-resized\"><img decoding=\"async\" src=\"\/wp-content\/uploads\/2024\/02\/SM-PIAST-MR.png\" alt=\"\" class=\"wp-image-184\" style=\"width:120px;height:auto\"\/><\/figure>\n\n\n\n<p class=\"has-text-align-center has-palette-color-1-color has-text-color has-link-color has-medium-font-size wp-elements-d5b15c0a87db3389267189dceed25b73\" style=\"text-transform:uppercase\"><strong><strong>MACIEJ <br>BUGIEL<\/strong><\/strong><\/p>\n\n\n\n<hr class=\"wp-block-separator has-alpha-channel-opacity\"\/>\n\n\n\n<p class=\"has-text-align-center has-palette-color-2-color has-text-color has-link-color wp-elements-5864243ea319113211723b46145b4b63\" style=\"text-transform:uppercase\">CZ\u0141ONEK<br>RADY NADZORCZEJ<\/p>\n<\/div>\n<\/div>\n","protected":false},"excerpt":{"rendered":"<p>SK\u0141AD RADY NADZORCZEJ SP\u00d3\u0141DZIELNI MIESZKANIOWEJ \u201cPIAST\u201d Magdalena\u0106wikowska Przewodnicz\u0105caRady Nadzorczej ZBIGNIEW MAKSYMCZYK ZAST\u0118PCA PRZEWODNICZ\u0104CEJ RADY NADZORCZEJ JADWIGA OGONOWSKA SEKRETARZ Rady Nadzorczej MA\u0141GORZATA GIE\u0141DA CZ\u0141ONEK RADY NADZORCZEJ MA\u0141GORZATA JEDNOR\u00d3G CZ\u0141ONEK RADY NADZORCZEJ [&hellip;]<\/p>\n","protected":false},"author":105,"featured_media":0,"parent":0,"menu_order":0,"comment_status":"closed","ping_status":"closed","template":"","meta":{"_themeisle_gutenberg_block_has_review":false,"footnotes":""},"class_list":["post-24","page","type-page","status-publish","hentry"],"blocksy_meta":[],"_links":{"self":[{"href":"https:\/\/smpiast.com.pl\/index.php?rest_route=\/wp\/v2\/pages\/24","targetHints":{"allow":["GET"]}}],"collection":[{"href":"https:\/\/smpiast.com.pl\/index.php?rest_route=\/wp\/v2\/pages"}],"about":[{"href":"https:\/\/smpiast.com.pl\/index.php?rest_route=\/wp\/v2\/types\/page"}],"author":[{"embeddable":true,"href":"https:\/\/smpiast.com.pl\/index.php?rest_route=\/wp\/v2\/users\/105"}],"replies":[{"embeddable":true,"href":"https:\/\/smpiast.com.pl\/index.php?rest_route=%2Fwp%2Fv2%2Fcomments&post=24"}],"version-history":[{"count":34,"href":"https:\/\/smpiast.com.pl\/index.php?rest_route=\/wp\/v2\/pages\/24\/revisions"}],"predecessor-version":[{"id":3916,"href":"https:\/\/smpiast.com.pl\/index.php?rest_route=\/wp\/v2\/pages\/24\/revisions\/3916"}],"wp:attachment":[{"href":"https:\/\/smpiast.com.pl\/index.php?rest_route=%2Fwp%2Fv2%2Fmedia&parent=24"}],"curies":[{"name":"wp","href":"https:\/\/api.w.org\/{rel}","templated":true}]}}