{"id":23,"date":"2024-02-08T09:57:44","date_gmt":"2024-02-08T09:57:44","guid":{"rendered":"https:\/\/new.smpiast.com.pl\/?page_id=23"},"modified":"2026-01-22T21:00:35","modified_gmt":"2026-01-22T20:00:35","slug":"zarzad","status":"publish","type":"page","link":"https:\/\/smpiast.com.pl\/?page_id=23","title":{"rendered":"Zarz\u0105d"},"content":{"rendered":"\n<div class=\"wp-block-columns is-layout-flex wp-container-core-columns-is-layout-28f84493 wp-block-columns-is-layout-flex\">\n<div class=\"wp-block-column is-layout-flow wp-block-column-is-layout-flow\"><\/div>\n\n\n\n<div class=\"wp-block-column is-layout-flow wp-block-column-is-layout-flow\">\n<figure class=\"wp-block-image aligncenter size-full\"><img loading=\"lazy\" decoding=\"async\" width=\"120\" height=\"120\" src=\"https:\/\/smpiast.com.pl\/wp-content\/uploads\/2024\/02\/SM-PIAST-MS.png\" alt=\"\" class=\"wp-image-10\"\/><\/figure>\n\n\n\n<p class=\"has-text-align-center has-palette-color-1-color has-text-color has-link-color has-medium-font-size wp-elements-fd1a748cd24b986711a8d9a302c43f97\" style=\"text-transform:uppercase\"><strong>ANNA <\/strong><br><strong>KONDRASIUK<\/strong><\/p>\n\n\n\n<hr class=\"wp-block-separator has-alpha-channel-opacity\"\/>\n\n\n\n<p class=\"has-text-align-center has-palette-color-2-color has-text-color has-link-color wp-elements-b6c5c86b484e7258161069a023e4d0e4\" style=\"text-transform:uppercase\"><strong>Prezes Zarz\u0105du <\/strong><strong> <\/strong><\/p>\n<\/div>\n\n\n\n<div class=\"wp-block-column is-layout-flow wp-block-column-is-layout-flow\">\n<figure class=\"wp-block-image aligncenter size-full\"><img loading=\"lazy\" decoding=\"async\" width=\"120\" height=\"120\" src=\"https:\/\/smpiast.com.pl\/wp-content\/uploads\/2024\/02\/SM-PIAST-MS.png\" alt=\"\" class=\"wp-image-10\"\/><\/figure>\n\n\n\n<p class=\"has-text-align-center has-palette-color-1-color has-text-color has-link-color has-medium-font-size wp-elements-87354bd3ba4ae7dd4f2764ffefd30b93\" style=\"text-transform:uppercase\"><strong>joanna<\/strong><br><strong>mrugas<\/strong><\/p>\n\n\n\n<hr class=\"wp-block-separator has-alpha-channel-opacity\"\/>\n\n\n\n<p class=\"has-text-align-center has-palette-color-2-color has-text-color has-link-color wp-elements-48ef847b4b359c7660769368c708cf7a\" style=\"text-transform:uppercase\"><strong>Zast\u0119pca<\/strong><br><strong> Prezesa Zarz\u0105du<\/strong><\/p>\n<\/div>\n\n\n\n<div class=\"wp-block-column is-layout-flow wp-block-column-is-layout-flow\"><\/div>\n<\/div>\n\n\n\n<p>Zarz\u0105d Sp\u00f3\u0142dzielni Mieszkaniowej &#8222;Piast&#8221; informuje, \u017ce przyjmuje interesant\u00f3w w wyznaczonych godzinach &#8211; <strong>CZWARTKI <\/strong>od godziny 14:00 do17:00.<br>W celu um\u00f3wienia\u00a0 na spotkanie z cz\u0142onkiem Zarz\u0105du nale\u017cy kontaktowa\u0107 si\u0119 z pracownikiem sekretariatu w spos\u00f3b bezpo\u015bredni w siedzibie Sp\u00f3\u0142dzielni w pokoju 103 lub telefonicznie pod numerem <strong>71 32 57 201<\/strong>.<\/p>\n","protected":false},"excerpt":{"rendered":"<p>ANNA KONDRASIUK Prezes Zarz\u0105du joannamrugas Zast\u0119pca Prezesa Zarz\u0105du Zarz\u0105d Sp\u00f3\u0142dzielni Mieszkaniowej &#8222;Piast&#8221; informuje, \u017ce przyjmuje interesant\u00f3w w wyznaczonych godzinach &#8211; CZWARTKI od godziny 14:00 do17:00.W celu um\u00f3wienia\u00a0 na spotkanie z [&hellip;]<\/p>\n","protected":false},"author":105,"featured_media":0,"parent":0,"menu_order":0,"comment_status":"closed","ping_status":"closed","template":"","meta":{"_themeisle_gutenberg_block_has_review":false,"footnotes":""},"class_list":["post-23","page","type-page","status-publish","hentry"],"blocksy_meta":[],"_links":{"self":[{"href":"https:\/\/smpiast.com.pl\/index.php?rest_route=\/wp\/v2\/pages\/23","targetHints":{"allow":["GET"]}}],"collection":[{"href":"https:\/\/smpiast.com.pl\/index.php?rest_route=\/wp\/v2\/pages"}],"about":[{"href":"https:\/\/smpiast.com.pl\/index.php?rest_route=\/wp\/v2\/types\/page"}],"author":[{"embeddable":true,"href":"https:\/\/smpiast.com.pl\/index.php?rest_route=\/wp\/v2\/users\/105"}],"replies":[{"embeddable":true,"href":"https:\/\/smpiast.com.pl\/index.php?rest_route=%2Fwp%2Fv2%2Fcomments&post=23"}],"version-history":[{"count":17,"href":"https:\/\/smpiast.com.pl\/index.php?rest_route=\/wp\/v2\/pages\/23\/revisions"}],"predecessor-version":[{"id":4104,"href":"https:\/\/smpiast.com.pl\/index.php?rest_route=\/wp\/v2\/pages\/23\/revisions\/4104"}],"wp:attachment":[{"href":"https:\/\/smpiast.com.pl\/index.php?rest_route=%2Fwp%2Fv2%2Fmedia&parent=23"}],"curies":[{"name":"wp","href":"https:\/\/api.w.org\/{rel}","templated":true}]}}